{"id":19524,"date":"2022-03-21T10:33:09","date_gmt":"2022-03-21T10:33:09","guid":{"rendered":"https:\/\/www.ampeco.com\/demo-2\/"},"modified":"2024-02-01T10:34:57","modified_gmt":"2024-02-01T10:34:57","slug":"demo","status":"publish","type":"page","link":"https:\/\/www.ampeco.com\/fr\/demo\/","title":{"rendered":"R\u00e9servez une d\u00e9mo d&rsquo;AMPECO"},"content":{"rendered":"\n\n<div id=\"bookdemo-block_c139fd8def9638191c33c05b5f99fbee\" class=\"block-bookdemo\">\n\t<div class=\"container\">\n\t\t<div class=\"guten_content\">\n\t\t\t<div class=\"fixed_wrap\">\n\t\t\t\t\n\n<figure class=\"wp-block-image size-full is-resized logo reveal_stagger\"><a href=\"https:\/\/www.ampeco.com\/fr\/\"><img loading=\"lazy\" decoding=\"async\" src=\"https:\/\/www.ampeco.com\/content\/uploads\/2022\/03\/ampeco-logo-white.png\" alt=\"-\" class=\"wp-image-8784\" style=\"width:190px;height:35px\" width=\"190\" height=\"35\" title=\"\" srcset=\"https:\/\/www.ampeco.com\/content\/uploads\/2022\/03\/ampeco-logo-white.png 381w, https:\/\/www.ampeco.com\/content\/uploads\/2022\/03\/ampeco-logo-white-96x18.png 96w, https:\/\/www.ampeco.com\/content\/uploads\/2022\/03\/ampeco-logo-white-300x57.png 300w, https:\/\/www.ampeco.com\/content\/uploads\/2022\/03\/ampeco-logo-white-330x62.png 330w\" sizes=\"auto, (max-width: 190px) 100vw, 190px\" \/><\/a><\/figure>\n\n\n\n<h2 class=\"wp-block-heading reveal_stagger\">D\u00e9couvrez le produit en d\u00e9tail<\/h2>\n\n\n\n<div style=\"border-radius:var(--spacing-4xl, 32px);overflow:hidden;\" class=\"wp-block-group desktop-only is-layout-constrained wp-block-group-is-layout-constrained\">\n<p class=\"demo-descr reveal_stagger\">Planifiez une d\u00e9monstration en direct avec nos experts en recharge de v\u00e9hicules \u00e9lectriques et d\u00e9couvrez comment notre plateforme peut vous aider.<\/p>\n\n\n<style>.wp-block-kadence-column.kb-section-dir-horizontal > .kt-inside-inner-col > .kt-info-box8781_0cb4cc-6d .kt-blocks-info-box-link-wrap{max-width:unset;}.kt-info-box8781_0cb4cc-6d .kt-blocks-info-box-link-wrap{border-top-left-radius:0px;border-top-right-radius:0px;border-bottom-right-radius:0px;border-bottom-left-radius:0px;background:rgba(242, 242, 242, 0);padding-top:0px;padding-right:0px;padding-bottom:0px;padding-left:0px;}.kt-info-box8781_0cb4cc-6d .kt-blocks-info-box-link-wrap:hover{background:rgba(242, 242, 242, 0);}.kt-info-box8781_0cb4cc-6d.wp-block-kadence-infobox{max-width:100%;}.kt-info-box8781_0cb4cc-6d .kadence-info-box-image-inner-intrisic-container{max-width:40px;}.kt-info-box8781_0cb4cc-6d .kadence-info-box-image-inner-intrisic-container .kadence-info-box-image-intrisic{padding-bottom:100%;width:53px;height:0px;max-width:100%;}.kt-info-box8781_0cb4cc-6d .kt-blocks-info-box-media .kt-info-box-image{width:40px;height:auto;}.kt-info-box8781_0cb4cc-6d .kt-blocks-info-box-media .kt-info-box-image, .kt-info-box8781_0cb4cc-6d .kt-blocks-info-box-media .kt-info-box-image path{fill:#444444;}.kt-info-box8781_0cb4cc-6d .kt-blocks-info-box-link-wrap:hover .kt-blocks-info-box-media .kt-info-box-image, .kt-info-box8781_0cb4cc-6d .kt-blocks-info-box-link-wrap:hover .kt-blocks-info-box-media .kt-info-box-image path{fill:#444444;}.kt-info-box8781_0cb4cc-6d .kadence-info-box-icon-container .kt-info-svg-icon, .kt-info-box8781_0cb4cc-6d .kt-info-svg-icon-flip, .kt-info-box8781_0cb4cc-6d .kt-blocks-info-box-number{font-size:50px;}.kt-info-box8781_0cb4cc-6d .kt-blocks-info-box-media{color:#444444;background:rgba(255,255,255,0);border-color:#444444;border-top-width:0px;border-right-width:0px;border-bottom-width:0px;border-left-width:0px;padding-top:20px;padding-right:20px;padding-bottom:20px;padding-left:20px;margin-top:0px;margin-right:20px;margin-bottom:0px;margin-left:0px;}.kt-info-box8781_0cb4cc-6d .kt-blocks-info-box-link-wrap:hover .kt-blocks-info-box-media{color:#444444;background:transparent;border-color:#444444;}.kt-info-box8781_0cb4cc-6d .kt-infobox-textcontent h3.kt-blocks-info-box-title{color:#fff;padding-top:0px;padding-right:0px;padding-bottom:0px;padding-left:0px;margin-top:0px;margin-right:0px;margin-bottom:0px;margin-left:0px;}.kt-info-box8781_0cb4cc-6d .kt-infobox-textcontent .kt-blocks-info-box-text{color:#ffffff;}.wp-block-kadence-infobox.kt-info-box8781_0cb4cc-6d .kt-blocks-info-box-text{font-size:1rem;}.kt-info-box8781_0cb4cc-6d .kt-blocks-info-box-learnmore{background:transparent;border-color:#555555;border-width:0px 0px 0px 0px;padding-top:4px;padding-right:8px;padding-bottom:4px;padding-left:8px;margin-top:10px;margin-right:0px;margin-bottom:10px;margin-left:0px;}.kt-info-box8781_0cb4cc-6d .kt-blocks-info-box-link-wrap:hover .kt-blocks-info-box-learnmore,.kt-info-box8781_0cb4cc-6d .kt-blocks-info-box-link-wrap .kt-blocks-info-box-learnmore:focus{color:#ffffff;background:#444444;border-color:#444444;}<\/style>\n<div class=\"wp-block-kadence-infobox kt-info-box8781_0cb4cc-6d reveal_stagger\"><div class=\"kt-blocks-info-box-link-wrap kt-blocks-info-box-media-align-left kt-info-halign-left kb-info-box-vertical-media-align-top\"><div class=\"kt-blocks-info-box-media-container\"><div class=\"kt-blocks-info-box-media kt-info-media-animate-none\"><div class=\"kadence-info-box-image-inner-intrisic-container\"><div class=\"kadence-info-box-image-intrisic kt-info-animate-none kb-info-box-image-type-svg\"><div class=\"kadence-info-box-image-inner-intrisic\"><img loading=\"lazy\" decoding=\"async\" src=\"https:\/\/www.ampeco.com\/content\/uploads\/2022\/10\/thick_nds.svg\" alt=\"-\" width=\"40\" height=\"53\" class=\"kt-info-box-image wp-image-12268 kt-info-svg-image\" title=\"\"><\/div><\/div><\/div><\/div><\/div><div class=\"kt-infobox-textcontent\"><h3 class=\"kt-blocks-info-box-title\"><strong><strong>Misez sur l&rsquo;excellence op\u00e9rationnelle<\/strong><\/strong><\/h3><p class=\"kt-blocks-info-box-text\">Remotely manage charging stations, reduce costs, increase network reliability and ensure customer satisfaction.<\/p><\/div><\/div><\/div>\n\n\n<style>.wp-block-kadence-column.kb-section-dir-horizontal > .kt-inside-inner-col > .kt-info-box8781_5cb42e-53 .kt-blocks-info-box-link-wrap{max-width:unset;}.kt-info-box8781_5cb42e-53 .kt-blocks-info-box-link-wrap{border-top-left-radius:0px;border-top-right-radius:0px;border-bottom-right-radius:0px;border-bottom-left-radius:0px;background:rgba(242, 242, 242, 0);padding-top:0px;padding-right:0px;padding-bottom:0px;padding-left:0px;}.kt-info-box8781_5cb42e-53 .kt-blocks-info-box-link-wrap:hover{background:rgba(242, 242, 242, 0);}.kt-info-box8781_5cb42e-53.wp-block-kadence-infobox{max-width:100%;}.kt-info-box8781_5cb42e-53 .kadence-info-box-image-inner-intrisic-container{max-width:30px;}.kt-info-box8781_5cb42e-53 .kadence-info-box-image-inner-intrisic-container .kadence-info-box-image-intrisic{padding-bottom:100%;width:53px;height:0px;max-width:100%;}.kt-info-box8781_5cb42e-53 .kt-blocks-info-box-media .kt-info-box-image{width:30px;height:auto;}.kt-info-box8781_5cb42e-53 .kt-blocks-info-box-media .kt-info-box-image, .kt-info-box8781_5cb42e-53 .kt-blocks-info-box-media .kt-info-box-image path{fill:#444444;}.kt-info-box8781_5cb42e-53 .kt-blocks-info-box-link-wrap:hover .kt-blocks-info-box-media .kt-info-box-image, .kt-info-box8781_5cb42e-53 .kt-blocks-info-box-link-wrap:hover .kt-blocks-info-box-media .kt-info-box-image path{fill:#444444;}.kt-info-box8781_5cb42e-53 .kadence-info-box-icon-container .kt-info-svg-icon, .kt-info-box8781_5cb42e-53 .kt-info-svg-icon-flip, .kt-info-box8781_5cb42e-53 .kt-blocks-info-box-number{font-size:50px;}.kt-info-box8781_5cb42e-53 .kt-blocks-info-box-media{color:#444444;background:transparent;border-color:#444444;border-top-width:0px;border-right-width:0px;border-bottom-width:0px;border-left-width:0px;padding-top:20px;padding-right:20px;padding-bottom:20px;padding-left:20px;margin-top:0px;margin-right:20px;margin-bottom:0px;margin-left:0px;}.kt-info-box8781_5cb42e-53 .kt-blocks-info-box-link-wrap:hover .kt-blocks-info-box-media{color:#444444;background:transparent;border-color:#444444;}.kt-info-box8781_5cb42e-53 .kt-infobox-textcontent h3.kt-blocks-info-box-title{color:#fff;padding-top:0px;padding-right:0px;padding-bottom:0px;padding-left:0px;margin-top:0px;margin-right:0px;margin-bottom:0px;margin-left:0px;}.kt-info-box8781_5cb42e-53 .kt-infobox-textcontent .kt-blocks-info-box-text{color:#ffffff;}.wp-block-kadence-infobox.kt-info-box8781_5cb42e-53 .kt-blocks-info-box-text{font-size:1rem;}.kt-info-box8781_5cb42e-53 .kt-blocks-info-box-learnmore{background:transparent;border-color:#555555;border-width:0px 0px 0px 0px;padding-top:4px;padding-right:8px;padding-bottom:4px;padding-left:8px;margin-top:10px;margin-right:0px;margin-bottom:10px;margin-left:0px;}.kt-info-box8781_5cb42e-53 .kt-blocks-info-box-link-wrap:hover .kt-blocks-info-box-learnmore,.kt-info-box8781_5cb42e-53 .kt-blocks-info-box-link-wrap .kt-blocks-info-box-learnmore:focus{color:#ffffff;background:#444444;border-color:#444444;}<\/style>\n<div class=\"wp-block-kadence-infobox kt-info-box8781_5cb42e-53 reveal_stagger\"><div class=\"kt-blocks-info-box-link-wrap kt-blocks-info-box-media-align-left kt-info-halign-left kb-info-box-vertical-media-align-top\"><div class=\"kt-blocks-info-box-media-container\"><div class=\"kt-blocks-info-box-media kt-info-media-animate-none\"><div class=\"kadence-info-box-image-inner-intrisic-container\"><div class=\"kadence-info-box-image-intrisic kt-info-animate-none kb-info-box-image-type-svg\"><div class=\"kadence-info-box-image-inner-intrisic\"><img loading=\"lazy\" decoding=\"async\" src=\"https:\/\/www.ampeco.com\/content\/uploads\/2022\/10\/thick_nds.svg\" alt=\"-\" width=\"30\" height=\"53\" class=\"kt-info-box-image wp-image-12268 kt-info-svg-image\" title=\"\"><\/div><\/div><\/div><\/div><\/div><div class=\"kt-infobox-textcontent\"><h3 class=\"kt-blocks-info-box-title\"><strong><strong>Rentabilisez votre r\u00e9seau<\/strong><\/strong><\/h3><p class=\"kt-blocks-info-box-text\">Set flexible tariffs for EV drivers, various billing plans and revenue-sharing options for your B2B customers and partners.<\/p><\/div><\/div><\/div>\n\n\n<style>.wp-block-kadence-column.kb-section-dir-horizontal > .kt-inside-inner-col > .kt-info-box8781_1c9ccf-58 .kt-blocks-info-box-link-wrap{max-width:unset;}.kt-info-box8781_1c9ccf-58 .kt-blocks-info-box-link-wrap{border-top-left-radius:0px;border-top-right-radius:0px;border-bottom-right-radius:0px;border-bottom-left-radius:0px;background:rgba(242, 242, 242, 0);padding-top:0px;padding-right:0px;padding-bottom:0px;padding-left:0px;}.kt-info-box8781_1c9ccf-58 .kt-blocks-info-box-link-wrap:hover{background:rgba(242, 242, 242, 0);}.kt-info-box8781_1c9ccf-58.wp-block-kadence-infobox{max-width:100%;}.kt-info-box8781_1c9ccf-58 .kadence-info-box-image-inner-intrisic-container{max-width:30px;}.kt-info-box8781_1c9ccf-58 .kadence-info-box-image-inner-intrisic-container .kadence-info-box-image-intrisic{padding-bottom:100%;width:53px;height:0px;max-width:100%;}.kt-info-box8781_1c9ccf-58 .kt-blocks-info-box-media .kt-info-box-image{width:30px;height:auto;}.kt-info-box8781_1c9ccf-58 .kt-blocks-info-box-media .kt-info-box-image, .kt-info-box8781_1c9ccf-58 .kt-blocks-info-box-media .kt-info-box-image path{fill:#444444;}.kt-info-box8781_1c9ccf-58 .kt-blocks-info-box-link-wrap:hover .kt-blocks-info-box-media .kt-info-box-image, .kt-info-box8781_1c9ccf-58 .kt-blocks-info-box-link-wrap:hover .kt-blocks-info-box-media .kt-info-box-image path{fill:#444444;}.kt-info-box8781_1c9ccf-58 .kadence-info-box-icon-container .kt-info-svg-icon, .kt-info-box8781_1c9ccf-58 .kt-info-svg-icon-flip, .kt-info-box8781_1c9ccf-58 .kt-blocks-info-box-number{font-size:50px;}.kt-info-box8781_1c9ccf-58 .kt-blocks-info-box-media{color:#444444;background:transparent;border-color:#444444;border-top-width:0px;border-right-width:0px;border-bottom-width:0px;border-left-width:0px;padding-top:20px;padding-right:20px;padding-bottom:20px;padding-left:20px;margin-top:0px;margin-right:20px;margin-bottom:0px;margin-left:0px;}.kt-info-box8781_1c9ccf-58 .kt-blocks-info-box-link-wrap:hover .kt-blocks-info-box-media{color:#444444;background:transparent;border-color:#444444;}.kt-info-box8781_1c9ccf-58 .kt-infobox-textcontent h3.kt-blocks-info-box-title{color:#fff;padding-top:0px;padding-right:0px;padding-bottom:0px;padding-left:0px;margin-top:0px;margin-right:0px;margin-bottom:0px;margin-left:0px;}.kt-info-box8781_1c9ccf-58 .kt-infobox-textcontent .kt-blocks-info-box-text{color:#ffffff;}.wp-block-kadence-infobox.kt-info-box8781_1c9ccf-58 .kt-blocks-info-box-text{font-size:1rem;}.kt-info-box8781_1c9ccf-58 .kt-blocks-info-box-learnmore{background:transparent;border-color:#555555;border-width:0px 0px 0px 0px;padding-top:4px;padding-right:8px;padding-bottom:4px;padding-left:8px;margin-top:10px;margin-right:0px;margin-bottom:10px;margin-left:0px;}.kt-info-box8781_1c9ccf-58 .kt-blocks-info-box-link-wrap:hover .kt-blocks-info-box-learnmore,.kt-info-box8781_1c9ccf-58 .kt-blocks-info-box-link-wrap .kt-blocks-info-box-learnmore:focus{color:#ffffff;background:#444444;border-color:#444444;}<\/style>\n<div class=\"wp-block-kadence-infobox kt-info-box8781_1c9ccf-58 reveal_stagger\"><div class=\"kt-blocks-info-box-link-wrap kt-blocks-info-box-media-align-left kt-info-halign-left kb-info-box-vertical-media-align-top\"><div class=\"kt-blocks-info-box-media-container\"><div class=\"kt-blocks-info-box-media kt-info-media-animate-none\"><div class=\"kadence-info-box-image-inner-intrisic-container\"><div class=\"kadence-info-box-image-intrisic kt-info-animate-none kb-info-box-image-type-svg\"><div class=\"kadence-info-box-image-inner-intrisic\"><img loading=\"lazy\" decoding=\"async\" src=\"https:\/\/www.ampeco.com\/content\/uploads\/2022\/10\/thick_nds.svg\" alt=\"-\" width=\"30\" height=\"53\" class=\"kt-info-box-image wp-image-12268 kt-info-svg-image\" title=\"\"><\/div><\/div><\/div><\/div><\/div><div class=\"kt-infobox-textcontent\"><h3 class=\"kt-blocks-info-box-title\"><strong><strong>P\u00e9renniser votre activit\u00e9 <\/strong><\/strong><\/h3><p class=\"kt-blocks-info-box-text\">Grow effortlessly with our scalable solutions, hardware-agnostic software, API integrations, and more.<br\/><\/p><\/div><\/div><\/div>\n\n\n\n<figure class=\"wp-block-image size-large demo_desktop_img reveal_stagger\"><img loading=\"lazy\" decoding=\"async\" width=\"1024\" height=\"926\" src=\"https:\/\/www.ampeco.com\/content\/uploads\/2022\/10\/dashy-1024x926.png\" alt=\"-\" class=\"wp-image-13829\" title=\"\" srcset=\"https:\/\/www.ampeco.com\/content\/uploads\/2022\/10\/dashy-1024x926.png 1024w, https:\/\/www.ampeco.com\/content\/uploads\/2022\/10\/dashy-96x87.png 96w, https:\/\/www.ampeco.com\/content\/uploads\/2022\/10\/dashy-300x271.png 300w, https:\/\/www.ampeco.com\/content\/uploads\/2022\/10\/dashy-768x694.png 768w, https:\/\/www.ampeco.com\/content\/uploads\/2022\/10\/dashy-1536x1388.png 1536w, https:\/\/www.ampeco.com\/content\/uploads\/2022\/10\/dashy-330x298.png 330w, https:\/\/www.ampeco.com\/content\/uploads\/2022\/10\/dashy-660x597.png 660w, https:\/\/www.ampeco.com\/content\/uploads\/2022\/10\/dashy-512x463.png 512w, https:\/\/www.ampeco.com\/content\/uploads\/2022\/10\/dashy-600x542.png 600w, https:\/\/www.ampeco.com\/content\/uploads\/2022\/10\/dashy-1200x1085.png 1200w, https:\/\/www.ampeco.com\/content\/uploads\/2022\/10\/dashy-840x759.png 840w, https:\/\/www.ampeco.com\/content\/uploads\/2022\/10\/dashy.png 1623w\" sizes=\"auto, (max-width: 1024px) 100vw, 1024px\" \/><\/figure>\n<\/div>\n\n\n\n<div style=\"border-radius:var(--spacing-4xl, 32px);overflow:hidden;\" class=\"wp-block-group mobile-only is-style-default is-layout-constrained wp-block-group-is-layout-constrained\">\n<p class=\"demo-descr reveal_stagger has-success-color has-text-color\">D\u00e9couvrez comment AMPECO peut contribuer \u00e0 l&rsquo;essor de votre entreprise. Demandez une d\u00e9mo en Live avec nos experts en recharge de v\u00e9hicules \u00e9lectriques.<\/p>\n<\/div>\n\n\n\t\t\t<\/div>\n\t\t<\/div>\n\t\t<div class=\"hubspot_form\">\n\t\t\t<div class=\"form_wrapper\"><h1>R\u00e9servez votre d\u00e9mo en Live<\/h1><!--[if lte IE 8]>\n<script charset=\"utf-8\" type=\"text\/javascript\" src=\"\/\/js.hsforms.net\/forms\/v2-legacy.js\"><\/script>\n<![endif]-->\n<script charset=\"utf-8\" type=\"text\/javascript\" src=\"\/\/js.hsforms.net\/forms\/v2.js\"><\/script>\n<script>\n  hbspt.forms.create({\n\tregion: \"na1\",\n\tportalId: \"6969600\",\n\tformId: \"f3897d72-5e17-47c2-8549-f25e09589cf1\",\n        onFormReady: function() {\n           hubSpotFormReady();\n        }\n});\n<\/script><\/div>\t\t<\/div>\n\t<\/div>\n<\/div>\n","protected":false},"excerpt":{"rendered":"","protected":false},"author":15,"featured_media":18437,"parent":0,"menu_order":0,"comment_status":"closed","ping_status":"closed","template":"","meta":{"_acf_changed":false,"inline_featured_image":false,"footnotes":""},"class_list":["post-19524","page","type-page","status-publish","has-post-thumbnail","hentry"],"acf":[],"_links":{"self":[{"href":"https:\/\/www.ampeco.com\/fr\/wp-json\/wp\/v2\/pages\/19524","targetHints":{"allow":["GET"]}}],"collection":[{"href":"https:\/\/www.ampeco.com\/fr\/wp-json\/wp\/v2\/pages"}],"about":[{"href":"https:\/\/www.ampeco.com\/fr\/wp-json\/wp\/v2\/types\/page"}],"author":[{"embeddable":true,"href":"https:\/\/www.ampeco.com\/fr\/wp-json\/wp\/v2\/users\/15"}],"replies":[{"embeddable":true,"href":"https:\/\/www.ampeco.com\/fr\/wp-json\/wp\/v2\/comments?post=19524"}],"version-history":[{"count":10,"href":"https:\/\/www.ampeco.com\/fr\/wp-json\/wp\/v2\/pages\/19524\/revisions"}],"predecessor-version":[{"id":25795,"href":"https:\/\/www.ampeco.com\/fr\/wp-json\/wp\/v2\/pages\/19524\/revisions\/25795"}],"wp:featuredmedia":[{"embeddable":true,"href":"https:\/\/www.ampeco.com\/fr\/wp-json\/wp\/v2\/media\/18437"}],"wp:attachment":[{"href":"https:\/\/www.ampeco.com\/fr\/wp-json\/wp\/v2\/media?parent=19524"}],"curies":[{"name":"wp","href":"https:\/\/api.w.org\/{rel}","templated":true}]}}