{"id":25772,"date":"2023-06-16T11:49:54","date_gmt":"2023-06-16T11:49:54","guid":{"rendered":"https:\/\/www.ampeco.com\/ebooks-2\/"},"modified":"2023-12-21T12:20:26","modified_gmt":"2023-12-21T12:20:26","slug":"ebooks","status":"publish","type":"page","link":"https:\/\/www.ampeco.com\/de\/ebooks\/","title":{"rendered":"Ebooks f\u00fcr die EV-Ladeindustrie"},"content":{"rendered":"\n<div style=\"border-radius:var(--spacing-4xl, 32px);overflow:hidden;\" class=\"wp-block-group is-style-text-hero-nds has-dark-gradient-gradient-background has-background is-layout-constrained wp-block-group-is-layout-constrained\">\n<h1 class=\"wp-block-heading has-text-align-center reveal_intro has-white-color has-text-color\" id=\"white-label-ev-charging-management-software\">EV-Lade-Ebooks<\/h1>\n\n\n\n<p class=\"has-text-align-center reveal_intro has-white-color has-text-color\">Entdecken Sie die EV-Ladeindustrie mit unseren Ebooks. <br\/>Diese interaktiven Leitf\u00e4den behandeln alles von den Grundlagen <br\/>zu den neuesten Innovationen, um Ihren Wissensdurst zu stillen.<\/p>\n<\/div>\n<style>.wp-block-kadence-spacer.kt-block-spacer-19787_5aa241-da .kt-block-spacer{height:60px;}.wp-block-kadence-spacer.kt-block-spacer-19787_5aa241-da .kt-divider{border-top-width:1px;height:1px;border-top-color:#eee;width:80%;border-top-style:solid;}<\/style>\n<div class=\"wp-block-kadence-spacer aligncenter kt-block-spacer-19787_5aa241-da\"><div class=\"kt-block-spacer kt-block-spacer-halign-center\"><\/div><\/div>\n\n<div style=\"border-radius:var(--spacing-4xl, 32px);overflow:hidden;\" class=\"wp-block-group is-style-default is-layout-constrained wp-block-group-is-layout-constrained\">\n<div class=\"wp-block-columns are-vertically-aligned-center is-layout-flex wp-container-core-columns-is-layout-28f84493 wp-block-columns-is-layout-flex\">\n<div class=\"wp-block-column is-vertically-aligned-center is-layout-flow wp-block-column-is-layout-flow\" style=\"flex-basis:30%\">\n<figure class=\"wp-block-image aligncenter size-large\"><a href=\"https:\/\/www.ampeco.com\/de\/ebooks\/ev-charging-business-playbook-us-ausgabe\/\"><img loading=\"lazy\" decoding=\"async\" width=\"1024\" height=\"746\" src=\"https:\/\/www.ampeco.com\/content\/uploads\/2023\/03\/portait-ebook-mockup-the-ev-charging-business-playbook-us-edition-1-1024x746.png\" alt=\"-\" class=\"wp-image-16473\" title=\"\" srcset=\"https:\/\/www.ampeco.com\/content\/uploads\/2023\/03\/portait-ebook-mockup-the-ev-charging-business-playbook-us-edition-1-1024x746.png 1024w, https:\/\/www.ampeco.com\/content\/uploads\/2023\/03\/portait-ebook-mockup-the-ev-charging-business-playbook-us-edition-1-96x70.png 96w, https:\/\/www.ampeco.com\/content\/uploads\/2023\/03\/portait-ebook-mockup-the-ev-charging-business-playbook-us-edition-1-300x219.png 300w, https:\/\/www.ampeco.com\/content\/uploads\/2023\/03\/portait-ebook-mockup-the-ev-charging-business-playbook-us-edition-1-768x560.png 768w, https:\/\/www.ampeco.com\/content\/uploads\/2023\/03\/portait-ebook-mockup-the-ev-charging-business-playbook-us-edition-1-1536x1120.png 1536w, https:\/\/www.ampeco.com\/content\/uploads\/2023\/03\/portait-ebook-mockup-the-ev-charging-business-playbook-us-edition-1-330x241.png 330w, https:\/\/www.ampeco.com\/content\/uploads\/2023\/03\/portait-ebook-mockup-the-ev-charging-business-playbook-us-edition-1-660x481.png 660w, https:\/\/www.ampeco.com\/content\/uploads\/2023\/03\/portait-ebook-mockup-the-ev-charging-business-playbook-us-edition-1-512x373.png 512w, https:\/\/www.ampeco.com\/content\/uploads\/2023\/03\/portait-ebook-mockup-the-ev-charging-business-playbook-us-edition-1-600x437.png 600w, https:\/\/www.ampeco.com\/content\/uploads\/2023\/03\/portait-ebook-mockup-the-ev-charging-business-playbook-us-edition-1-1200x875.png 1200w, https:\/\/www.ampeco.com\/content\/uploads\/2023\/03\/portait-ebook-mockup-the-ev-charging-business-playbook-us-edition-1-840x612.png 840w, https:\/\/www.ampeco.com\/content\/uploads\/2023\/03\/portait-ebook-mockup-the-ev-charging-business-playbook-us-edition-1-1680x1225.png 1680w, https:\/\/www.ampeco.com\/content\/uploads\/2023\/03\/portait-ebook-mockup-the-ev-charging-business-playbook-us-edition-1-1920x1400.png 1920w, https:\/\/www.ampeco.com\/content\/uploads\/2023\/03\/portait-ebook-mockup-the-ev-charging-business-playbook-us-edition-1.png 2000w\" sizes=\"auto, (max-width: 1024px) 100vw, 1024px\" \/><\/a><\/figure>\n<\/div>\n\n\n\n<div class=\"wp-block-column is-vertically-aligned-center is-layout-flow wp-block-column-is-layout-flow\">\n<h3 class=\"wp-block-heading\">Das EV Charging Business Playbook \u2013 auf Englisch<br\/><mark style=\"background-color:rgba(0, 0, 0, 0)\" class=\"has-inline-color has-secondary-color\">US-Ausgabe<\/mark><\/h3>\n\n\n\n<p>Entdecken Sie das Schritt-f\u00fcr-Schritt-Rahmenwerk f\u00fcr CPOs, um sich auf dem komplexen EV-Lademarkt in den USA zurechtzufinden, Finanzierungsm\u00f6glichkeiten zu erschlie\u00dfen und ein florierendes Gesch\u00e4ft aufzubauen.<\/p>\n\n\n\n<div class=\"wp-block-buttons is-layout-flex wp-block-buttons-is-layout-flex\">\n<div class=\"wp-block-button is-style-short-underline-nds\"><a class=\"wp-block-button__link wp-element-button\" href=\"https:\/\/www.ampeco.com\/de\/ebooks\/ev-charging-business-playbook-us-ausgabe\/\">ebook herunterladen<\/a><\/div>\n<\/div>\n<\/div>\n<\/div>\n\n\n\n<div class=\"wp-block-group is-layout-constrained wp-block-group-is-layout-constrained\">\n<div style=\"height:30px\" aria-hidden=\"true\" class=\"wp-block-spacer\"><\/div>\n\n\n\n<hr class=\"wp-block-separator has-text-color has-lightbluebg-color has-alpha-channel-opacity has-lightbluebg-background-color has-background is-style-wide\"\/>\n\n\n\n<div style=\"height:30px\" aria-hidden=\"true\" class=\"wp-block-spacer\"><\/div>\n<\/div>\n\n\n\n<div class=\"wp-block-columns are-vertically-aligned-center is-layout-flex wp-container-core-columns-is-layout-28f84493 wp-block-columns-is-layout-flex\">\n<div class=\"wp-block-column is-vertically-aligned-center is-layout-flow wp-block-column-is-layout-flow\" style=\"flex-basis:30%\">\n<figure class=\"wp-block-image aligncenter size-large\"><a href=\"\/de\/ebooks\/eichrecht-compliance-essential-handbook-ev-abrechnung-anbietern-ebook\/\"><img loading=\"lazy\" decoding=\"async\" width=\"1024\" height=\"746\" src=\"https:\/\/www.ampeco.com\/content\/uploads\/2023\/05\/eichrecht-ebook-landscape-1024x746.png\" alt=\"Eichrecht compliance ebook cover\" class=\"wp-image-19092\" title=\"\" srcset=\"https:\/\/www.ampeco.com\/content\/uploads\/2023\/05\/eichrecht-ebook-landscape-1024x746.png 1024w, https:\/\/www.ampeco.com\/content\/uploads\/2023\/05\/eichrecht-ebook-landscape-300x219.png 300w, https:\/\/www.ampeco.com\/content\/uploads\/2023\/05\/eichrecht-ebook-landscape-768x560.png 768w, https:\/\/www.ampeco.com\/content\/uploads\/2023\/05\/eichrecht-ebook-landscape-1536x1120.png 1536w, https:\/\/www.ampeco.com\/content\/uploads\/2023\/05\/eichrecht-ebook-landscape-96x70.png 96w, https:\/\/www.ampeco.com\/content\/uploads\/2023\/05\/eichrecht-ebook-landscape-330x241.png 330w, https:\/\/www.ampeco.com\/content\/uploads\/2023\/05\/eichrecht-ebook-landscape-660x481.png 660w, https:\/\/www.ampeco.com\/content\/uploads\/2023\/05\/eichrecht-ebook-landscape-512x373.png 512w, https:\/\/www.ampeco.com\/content\/uploads\/2023\/05\/eichrecht-ebook-landscape-600x437.png 600w, https:\/\/www.ampeco.com\/content\/uploads\/2023\/05\/eichrecht-ebook-landscape-1200x875.png 1200w, https:\/\/www.ampeco.com\/content\/uploads\/2023\/05\/eichrecht-ebook-landscape-840x612.png 840w, https:\/\/www.ampeco.com\/content\/uploads\/2023\/05\/eichrecht-ebook-landscape-1680x1225.png 1680w, https:\/\/www.ampeco.com\/content\/uploads\/2023\/05\/eichrecht-ebook-landscape-1920x1400.png 1920w, https:\/\/www.ampeco.com\/content\/uploads\/2023\/05\/eichrecht-ebook-landscape.png 2000w\" sizes=\"auto, (max-width: 1024px) 100vw, 1024px\" \/><\/a><\/figure>\n<\/div>\n\n\n\n<div class=\"wp-block-column is-vertically-aligned-center is-layout-flow wp-block-column-is-layout-flow\">\n<h3 class=\"wp-block-heading\">Eichrecht Konformit\u00e4t: Das unverzichtbare Handbuch f\u00fcr EV-Ladeanbieter (auf Englisch)<\/h3>\n\n\n\n<p>Erhalten Sie wertvolle Einblicke in die Eichrecht-Bestimmungen und deren Auswirkungen auf Ihr EV-Ladegesch\u00e4ft in Deutschland. Erfahren Sie in unserem umfassenden Handbuch, wie Sie die Gesetze zur Kalibrierung und Preisgestaltung einhalten.<\/p>\n\n\n\n<div class=\"wp-block-buttons is-layout-flex wp-block-buttons-is-layout-flex\">\n<div class=\"wp-block-button is-style-short-underline-nds\"><a class=\"wp-block-button__link wp-element-button\" href=\"\/de\/ebooks\/eichrecht-compliance-essential-handbook-ev-abrechnung-anbietern-ebook\/\">ebook herunterladen<\/a><\/div>\n<\/div>\n<\/div>\n<\/div>\n\n\n\n<div class=\"wp-block-group is-layout-constrained wp-block-group-is-layout-constrained\">\n<div style=\"height:30px\" aria-hidden=\"true\" class=\"wp-block-spacer\"><\/div>\n\n\n\n<hr class=\"wp-block-separator has-text-color has-lightbluebg-color has-alpha-channel-opacity has-lightbluebg-background-color has-background is-style-wide\"\/>\n\n\n\n<div style=\"height:30px\" aria-hidden=\"true\" class=\"wp-block-spacer\"><\/div>\n<\/div>\n\n\n\n<div class=\"wp-block-columns are-vertically-aligned-center is-layout-flex wp-container-core-columns-is-layout-28f84493 wp-block-columns-is-layout-flex\">\n<div class=\"wp-block-column is-vertically-aligned-center is-layout-flow wp-block-column-is-layout-flow\" style=\"flex-basis:30%\">\n<figure class=\"wp-block-image aligncenter size-full\"><a href=\"https:\/\/www.ampeco.com\/de\/ebooks\/plattform-uberblick-ebook\/\"><img loading=\"lazy\" decoding=\"async\" width=\"1000\" height=\"729\" src=\"https:\/\/www.ampeco.com\/content\/uploads\/2023\/03\/portait-ebook-mockup-platform-overview.png\" alt=\"-\" class=\"wp-image-16476\" title=\"\" srcset=\"https:\/\/www.ampeco.com\/content\/uploads\/2023\/03\/portait-ebook-mockup-platform-overview.png 1000w, https:\/\/www.ampeco.com\/content\/uploads\/2023\/03\/portait-ebook-mockup-platform-overview-96x70.png 96w, https:\/\/www.ampeco.com\/content\/uploads\/2023\/03\/portait-ebook-mockup-platform-overview-300x219.png 300w, https:\/\/www.ampeco.com\/content\/uploads\/2023\/03\/portait-ebook-mockup-platform-overview-768x560.png 768w, https:\/\/www.ampeco.com\/content\/uploads\/2023\/03\/portait-ebook-mockup-platform-overview-330x241.png 330w, https:\/\/www.ampeco.com\/content\/uploads\/2023\/03\/portait-ebook-mockup-platform-overview-660x481.png 660w, https:\/\/www.ampeco.com\/content\/uploads\/2023\/03\/portait-ebook-mockup-platform-overview-512x373.png 512w, https:\/\/www.ampeco.com\/content\/uploads\/2023\/03\/portait-ebook-mockup-platform-overview-600x437.png 600w, https:\/\/www.ampeco.com\/content\/uploads\/2023\/03\/portait-ebook-mockup-platform-overview-840x612.png 840w\" sizes=\"auto, (max-width: 1000px) 100vw, 1000px\" \/><\/a><\/figure>\n<\/div>\n\n\n\n<div class=\"wp-block-column is-vertically-aligned-center is-layout-flow wp-block-column-is-layout-flow\">\n<h3 class=\"wp-block-heading\">AMPECO Plattform \u00dcbersicht<\/h3>\n\n\n\n<p>Erfahren Sie, wie Sie ein zuverl\u00e4ssiges und profitables EV-Ladenetzwerk mithilfe der EV-Ladesoftware von AMPECO verwalten k\u00f6nnen.<\/p>\n\n\n\n<div class=\"wp-block-buttons is-layout-flex wp-block-buttons-is-layout-flex\">\n<div class=\"wp-block-button is-style-short-underline-nds\"><a class=\"wp-block-button__link wp-element-button\" href=\"https:\/\/www.ampeco.com\/de\/ebooks\/plattform-uberblick-ebook\/\">ebook herunterladen<\/a><\/div>\n<\/div>\n<\/div>\n<\/div>\n\n\n\n<div class=\"wp-block-group is-layout-constrained wp-block-group-is-layout-constrained\">\n<div style=\"height:30px\" aria-hidden=\"true\" class=\"wp-block-spacer\"><\/div>\n\n\n\n<hr class=\"wp-block-separator has-text-color has-lightbluebg-color has-alpha-channel-opacity has-lightbluebg-background-color has-background is-style-wide\"\/>\n\n\n\n<div style=\"height:30px\" aria-hidden=\"true\" class=\"wp-block-spacer\"><\/div>\n<\/div>\n\n\n\n<div class=\"wp-block-columns are-vertically-aligned-center is-layout-flex wp-container-core-columns-is-layout-28f84493 wp-block-columns-is-layout-flex\">\n<div class=\"wp-block-column is-vertically-aligned-center is-layout-flow wp-block-column-is-layout-flow\" style=\"flex-basis:30%\">\n<figure class=\"wp-block-image aligncenter size-full\"><a href=\"\/de\/ebooks\/ebook-die-10-features-die-ihre-ev-lademanagement-software-muss-haben\/\"><img loading=\"lazy\" decoding=\"async\" width=\"1000\" height=\"729\" src=\"https:\/\/www.ampeco.com\/content\/uploads\/2023\/03\/portait-ebook-mockup-10-features-yuor-ev-charging-managmenet-software-must-have.png\" alt=\"Die 10 Funktionen, die Ihre EV Charging Management Software unbedingt haben muss\" class=\"wp-image-16474\" title=\"\" srcset=\"https:\/\/www.ampeco.com\/content\/uploads\/2023\/03\/portait-ebook-mockup-10-features-yuor-ev-charging-managmenet-software-must-have.png 1000w, https:\/\/www.ampeco.com\/content\/uploads\/2023\/03\/portait-ebook-mockup-10-features-yuor-ev-charging-managmenet-software-must-have-96x70.png 96w, https:\/\/www.ampeco.com\/content\/uploads\/2023\/03\/portait-ebook-mockup-10-features-yuor-ev-charging-managmenet-software-must-have-300x219.png 300w, https:\/\/www.ampeco.com\/content\/uploads\/2023\/03\/portait-ebook-mockup-10-features-yuor-ev-charging-managmenet-software-must-have-768x560.png 768w, https:\/\/www.ampeco.com\/content\/uploads\/2023\/03\/portait-ebook-mockup-10-features-yuor-ev-charging-managmenet-software-must-have-330x241.png 330w, https:\/\/www.ampeco.com\/content\/uploads\/2023\/03\/portait-ebook-mockup-10-features-yuor-ev-charging-managmenet-software-must-have-660x481.png 660w, https:\/\/www.ampeco.com\/content\/uploads\/2023\/03\/portait-ebook-mockup-10-features-yuor-ev-charging-managmenet-software-must-have-512x373.png 512w, https:\/\/www.ampeco.com\/content\/uploads\/2023\/03\/portait-ebook-mockup-10-features-yuor-ev-charging-managmenet-software-must-have-600x437.png 600w, https:\/\/www.ampeco.com\/content\/uploads\/2023\/03\/portait-ebook-mockup-10-features-yuor-ev-charging-managmenet-software-must-have-840x612.png 840w\" sizes=\"auto, (max-width: 1000px) 100vw, 1000px\" \/><\/a><\/figure>\n<\/div>\n\n\n\n<div class=\"wp-block-column is-vertically-aligned-center is-layout-flow wp-block-column-is-layout-flow\">\n<h3 class=\"wp-block-heading\">Die 10 Funktionen, die Ihre EV-Lademanagement-Software unbedingt haben muss (auf Englisch)<\/h3>\n\n\n\n<p>Machen Sie sich mit den gesch\u00e4ftskritischen Softwarefunktionen im Detail vertraut und erfahren Sie, wie Sie alle EV-Ladestrategien \u00fcber eine Plattform abdecken k\u00f6nnen. Lesen Sie jetzt, um sich f\u00fcr den Erfolg zu r\u00fcsten.<\/p>\n\n\n\n<div class=\"wp-block-buttons is-layout-flex wp-block-buttons-is-layout-flex\">\n<div class=\"wp-block-button is-style-short-underline-nds\"><a class=\"wp-block-button__link wp-element-button\" href=\"\/de\/ebooks\/ebook-die-10-features-die-ihre-ev-lademanagement-software-muss-haben\/\">ebook herunterladen<\/a><\/div>\n<\/div>\n<\/div>\n<\/div>\n\n\n\n<div class=\"wp-block-group is-layout-constrained wp-block-group-is-layout-constrained\">\n<div style=\"height:30px\" aria-hidden=\"true\" class=\"wp-block-spacer\"><\/div>\n\n\n\n<hr class=\"wp-block-separator has-text-color has-lightbluebg-color has-alpha-channel-opacity has-lightbluebg-background-color has-background is-style-wide\"\/>\n\n\n\n<div style=\"height:30px\" aria-hidden=\"true\" class=\"wp-block-spacer\"><\/div>\n<\/div>\n\n\n\n<div class=\"wp-block-columns are-vertically-aligned-center is-layout-flex wp-container-core-columns-is-layout-28f84493 wp-block-columns-is-layout-flex\">\n<div class=\"wp-block-column is-vertically-aligned-center is-layout-flow wp-block-column-is-layout-flow\" style=\"flex-basis:30%\">\n<figure class=\"wp-block-image aligncenter size-full\"><a href=\"https:\/\/www.ampeco.com\/de\/ebooks\/ebook-laden-hause\/\"><img loading=\"lazy\" decoding=\"async\" width=\"1000\" height=\"729\" src=\"https:\/\/www.ampeco.com\/content\/uploads\/2023\/03\/portait-ebook-mockup-home-charging.png\" alt=\"-\" class=\"wp-image-16475\" title=\"\" srcset=\"https:\/\/www.ampeco.com\/content\/uploads\/2023\/03\/portait-ebook-mockup-home-charging.png 1000w, https:\/\/www.ampeco.com\/content\/uploads\/2023\/03\/portait-ebook-mockup-home-charging-96x70.png 96w, https:\/\/www.ampeco.com\/content\/uploads\/2023\/03\/portait-ebook-mockup-home-charging-300x219.png 300w, https:\/\/www.ampeco.com\/content\/uploads\/2023\/03\/portait-ebook-mockup-home-charging-768x560.png 768w, https:\/\/www.ampeco.com\/content\/uploads\/2023\/03\/portait-ebook-mockup-home-charging-330x241.png 330w, https:\/\/www.ampeco.com\/content\/uploads\/2023\/03\/portait-ebook-mockup-home-charging-660x481.png 660w, https:\/\/www.ampeco.com\/content\/uploads\/2023\/03\/portait-ebook-mockup-home-charging-512x373.png 512w, https:\/\/www.ampeco.com\/content\/uploads\/2023\/03\/portait-ebook-mockup-home-charging-600x437.png 600w, https:\/\/www.ampeco.com\/content\/uploads\/2023\/03\/portait-ebook-mockup-home-charging-840x612.png 840w\" sizes=\"auto, (max-width: 1000px) 100vw, 1000px\" \/><\/a><\/figure>\n<\/div>\n\n\n\n<div class=\"wp-block-column is-vertically-aligned-center is-layout-flow wp-block-column-is-layout-flow\">\n<h3 class=\"wp-block-heading\">Skalierung des EV-Ladegesch\u00e4fts mit Home Charging Software (auf Englisch)<\/h3>\n\n\n\n<p>Erfahren Sie mehr \u00fcber das Laden zu Hause, potenzielle Gesch\u00e4ftsmodelle und die Tools, die Sie ben\u00f6tigen, um ein prosperierendes Netz von Privatkunden zu schaffen.<\/p>\n\n\n\n<div class=\"wp-block-buttons is-layout-flex wp-block-buttons-is-layout-flex\">\n<div class=\"wp-block-button is-style-short-underline-nds\"><a class=\"wp-block-button__link wp-element-button\" href=\"https:\/\/www.ampeco.com\/de\/ebooks\/ebook-laden-hause\/\">ebook herunterladen<\/a><\/div>\n<\/div>\n<\/div>\n<\/div>\n<\/div>\n<style>.wp-block-kadence-spacer.kt-block-spacer-19787_bac622-a6 .kt-block-spacer{height:60px;}.wp-block-kadence-spacer.kt-block-spacer-19787_bac622-a6 .kt-divider{border-top-width:1px;height:1px;border-top-color:#eee;width:80%;border-top-style:solid;}<\/style>\n<div class=\"wp-block-kadence-spacer aligncenter kt-block-spacer-19787_bac622-a6\"><div class=\"kt-block-spacer kt-block-spacer-halign-center\"><\/div><\/div>\n\n<div style=\"border-radius:var(--spacing-4xl, 32px);overflow:hidden;\" class=\"wp-block-group is-style-default has-light-gradient-gradient-background has-background is-layout-constrained wp-block-group-is-layout-constrained\"><style>.kb-row-layout-id_4395d3-80 > .kt-row-column-wrap{align-content:center;}:where(.kb-row-layout-id_4395d3-80 > .kt-row-column-wrap) > .wp-block-kadence-column{justify-content:center;}.kb-row-layout-id_4395d3-80 > .kt-row-column-wrap{column-gap:var(--global-kb-gap-md, 2rem);row-gap:var(--global-kb-gap-md, 2rem);padding-top:0px;padding-bottom:0px;grid-template-columns:repeat(2, minmax(0, 1fr));}.kb-row-layout-id_4395d3-80 > .kt-row-layout-overlay{opacity:0.30;}@media all and (max-width: 1024px){.kb-row-layout-id_4395d3-80 > .kt-row-column-wrap{grid-template-columns:repeat(2, minmax(0, 1fr));}}@media all and (max-width: 767px){.kb-row-layout-id_4395d3-80 > .kt-row-column-wrap{grid-template-columns:minmax(0, 1fr);}}<\/style><div class=\"kb-row-layout-wrap kb-row-layout-id_4395d3-80 alignnone wp-block-kadence-rowlayout\"><div class=\"kt-row-column-wrap kt-has-2-columns kt-row-layout-equal kt-tab-layout-inherit kt-mobile-layout-row kt-row-valign-middle\">\n<style>.kadence-column_909b14-a6 > .kt-inside-inner-col,.kadence-column_909b14-a6 > .kt-inside-inner-col:before{border-top-left-radius:0px;border-top-right-radius:0px;border-bottom-right-radius:0px;border-bottom-left-radius:0px;}.kadence-column_909b14-a6 > .kt-inside-inner-col{column-gap:var(--global-kb-gap-sm, 1rem);}.kadence-column_909b14-a6 > .kt-inside-inner-col{flex-direction:column;}.kadence-column_909b14-a6 > .kt-inside-inner-col > .aligncenter{width:100%;}.kadence-column_909b14-a6 > .kt-inside-inner-col:before{opacity:0.3;}.kadence-column_909b14-a6{position:relative;}@media all and (max-width: 1024px){.kadence-column_909b14-a6 > .kt-inside-inner-col{flex-direction:column;justify-content:center;}}@media all and (max-width: 767px){.kadence-column_909b14-a6 > .kt-inside-inner-col{flex-direction:column;justify-content:center;}}<\/style>\n<div class=\"wp-block-kadence-column kadence-column_909b14-a6 inner-column-1\"><div class=\"kt-inside-inner-col\">\n<h2 class=\"wp-block-heading\">Beratung zum EV-Laden buchen<\/h2>\n\n\n\n<p class=\"has-m-font-size\">Unsere Experten f\u00fcr E-Mobilit\u00e4t beantworten gerne alle Ihre Fragen zu EV Charging Software und Hardware.<br\/><br\/>Lassen Sie uns Ihr Gesch\u00e4ftsmodell besprechen und wie wir Sie bei der Gr\u00fcndung und dem Ausbau Ihres EV-Gesch\u00e4fts unterst\u00fctzen k\u00f6nnen.<\/p>\n\n\n\n<div class=\"wp-block-buttons is-style-top-spacing is-layout-flex wp-block-buttons-is-layout-flex\">\n<div class=\"wp-block-button ga4-consultation-last\"><a class=\"wp-block-button__link wp-element-button\" href=\"\/de\/beratungsgesprach-ev-laden-buchen\/\">EINEN TERMIN BUCHEN<\/a><\/div>\n<\/div>\n<\/div><\/div>\n\n\n<style>.kadence-column_b50170-44 > .kt-inside-inner-col,.kadence-column_b50170-44 > .kt-inside-inner-col:before{border-top-left-radius:0px;border-top-right-radius:0px;border-bottom-right-radius:0px;border-bottom-left-radius:0px;}.kadence-column_b50170-44 > .kt-inside-inner-col{column-gap:var(--global-kb-gap-sm, 1rem);}.kadence-column_b50170-44 > .kt-inside-inner-col{flex-direction:column;}.kadence-column_b50170-44 > .kt-inside-inner-col > .aligncenter{width:100%;}.kadence-column_b50170-44 > .kt-inside-inner-col:before{opacity:0.3;}.kadence-column_b50170-44{position:relative;}@media all and (max-width: 1024px){.kadence-column_b50170-44 > .kt-inside-inner-col{flex-direction:column;justify-content:center;}}@media all and (max-width: 767px){.kadence-column_b50170-44 > .kt-inside-inner-col{flex-direction:column;justify-content:center;}}<\/style>\n<div class=\"wp-block-kadence-column kadence-column_b50170-44 inner-column-2\"><div class=\"kt-inside-inner-col\">\n<figure class=\"wp-block-image size-large no-mr-bot\"><img loading=\"lazy\" decoding=\"async\" width=\"971\" height=\"1024\" src=\"https:\/\/www.ampeco.com\/content\/uploads\/2022\/10\/experts@2x-971x1024.png\" alt=\"-\" class=\"wp-image-11517\" title=\"\" srcset=\"https:\/\/www.ampeco.com\/content\/uploads\/2022\/10\/experts@2x-971x1024.png 971w, https:\/\/www.ampeco.com\/content\/uploads\/2022\/10\/experts@2x-96x101.png 96w, https:\/\/www.ampeco.com\/content\/uploads\/2022\/10\/experts@2x-284x300.png 284w, https:\/\/www.ampeco.com\/content\/uploads\/2022\/10\/experts@2x-768x810.png 768w, https:\/\/www.ampeco.com\/content\/uploads\/2022\/10\/experts@2x-330x348.png 330w, https:\/\/www.ampeco.com\/content\/uploads\/2022\/10\/experts@2x-660x696.png 660w, https:\/\/www.ampeco.com\/content\/uploads\/2022\/10\/experts@2x-512x540.png 512w, https:\/\/www.ampeco.com\/content\/uploads\/2022\/10\/experts@2x-1024x1080.png 1024w, https:\/\/www.ampeco.com\/content\/uploads\/2022\/10\/experts@2x-600x633.png 600w, https:\/\/www.ampeco.com\/content\/uploads\/2022\/10\/experts@2x-840x886.png 840w, https:\/\/www.ampeco.com\/content\/uploads\/2022\/10\/experts@2x.png 1200w\" sizes=\"auto, (max-width: 971px) 100vw, 971px\" \/><\/figure>\n<\/div><\/div>\n\n<\/div><\/div><\/div>\n","protected":false},"excerpt":{"rendered":"<p>EV-Lade-Ebooks Entdecken Sie die EV-Ladeindustrie mit unseren Ebooks. Diese interaktiven Leitf\u00e4den behandeln alles von den Grundlagen zu den neuesten Innovationen, um Ihren Wissensdurst zu stillen. Das EV Charging Business Playbook \u2013 auf [&hellip;]<\/p>\n","protected":false},"author":15,"featured_media":0,"parent":0,"menu_order":0,"comment_status":"closed","ping_status":"closed","template":"","meta":{"_acf_changed":false,"inline_featured_image":false,"_nds_page_background":"","footnotes":""},"class_list":["post-25772","page","type-page","status-publish","hentry"],"acf":[],"_links":{"self":[{"href":"https:\/\/www.ampeco.com\/de\/wp-json\/wp\/v2\/pages\/25772","targetHints":{"allow":["GET"]}}],"collection":[{"href":"https:\/\/www.ampeco.com\/de\/wp-json\/wp\/v2\/pages"}],"about":[{"href":"https:\/\/www.ampeco.com\/de\/wp-json\/wp\/v2\/types\/page"}],"author":[{"embeddable":true,"href":"https:\/\/www.ampeco.com\/de\/wp-json\/wp\/v2\/users\/15"}],"replies":[{"embeddable":true,"href":"https:\/\/www.ampeco.com\/de\/wp-json\/wp\/v2\/comments?post=25772"}],"version-history":[{"count":3,"href":"https:\/\/www.ampeco.com\/de\/wp-json\/wp\/v2\/pages\/25772\/revisions"}],"predecessor-version":[{"id":29044,"href":"https:\/\/www.ampeco.com\/de\/wp-json\/wp\/v2\/pages\/25772\/revisions\/29044"}],"wp:attachment":[{"href":"https:\/\/www.ampeco.com\/de\/wp-json\/wp\/v2\/media?parent=25772"}],"curies":[{"name":"wp","href":"https:\/\/api.w.org\/{rel}","templated":true}]}}