{"id":23871,"date":"2022-10-31T12:59:30","date_gmt":"2022-10-31T12:59:30","guid":{"rendered":"https:\/\/www.ampeco.com\/leitfaden\/"},"modified":"2024-02-01T10:33:22","modified_gmt":"2024-02-01T10:33:22","slug":"guides","status":"publish","type":"page","link":"https:\/\/www.ampeco.com\/de\/guides\/","title":{"rendered":"Leitf\u00e4den"},"content":{"rendered":"\n<div style=\"border-radius:var(--spacing-4xl, 32px);overflow:hidden;\" class=\"wp-block-group is-style-text-hero-nds has-dark-gradient-gradient-background has-background is-layout-constrained wp-block-group-is-layout-constrained\">\n<p class=\"has-text-align-center narrow-600 has-white-color has-text-color has-medium-font-size\"><\/p>\n\n\n\n<h1 class=\"wp-block-heading has-text-align-center narrow-800 has-white-color has-text-color\"><strong>Leitfaden zum EV-Laden<\/strong><\/h1>\n\n\n\n<p class=\"has-text-align-center has-white-color has-text-color has-m-font-size\">Ausf\u00fchrliche Leitf\u00e4den zum Thema EV-Ladeindustrie<\/p>\n<\/div>\n\n<div style=\"border-radius:var(--spacing-4xl, 32px);overflow:hidden;\" class=\"wp-block-group reveal is-style-section-nds-1100 is-layout-constrained wp-block-group-is-layout-constrained\">\n<div class=\"wp-block-media-text has-media-on-the-right is-stacked-on-mobile\"><div class=\"wp-block-media-text__content\">\n<p class=\"is-style-blue-label\" id=\"payment\"><\/p>\n\n\n\n<h2 class=\"wp-block-heading\">Der Leitfaden f\u00fcr Betreiber von Ladestationen zur OCPI<\/h2>\n\n\n\n<p class=\"has-m-font-size\">OCPI erm\u00f6glicht den Datenaustausch zwischen CPOs und eMSP, um das Roaming von E-Fahrern in verschiedenen Ladenetzen zu erleichtern. Erkunden Sie die Funktionsweise von OCPI, die wichtigsten Anwendungen und Anwendungsf\u00e4lle, insbesondere direkte P2P- und Roaming-Hub-Verbindungen. Der Leitfaden erm\u00f6glicht es den Betreibern von Ladestationen, die M\u00f6glichkeiten von OCPI in vollem Umfang zu nutzen und so die Effizienz und die Zufriedenheit der Fahrer von Elektrofahrzeugen in allen Ladenetzen zu steigern.<\/p>\n\n\n\n<div class=\"wp-block-buttons is-layout-flex wp-block-buttons-is-layout-flex\">\n<div class=\"wp-block-button\"><a class=\"wp-block-button__link wp-element-button\" href=\"https:\/\/www.ampeco.com\/guides\/the-complete-ocpi-guide\/\">Lesen Sie den Leitfaden<\/a><\/div>\n<\/div>\n<\/div><figure class=\"wp-block-media-text__media\"><a href=\"https:\/\/www.ampeco.com\/guides\/the-complete-ocpi-guide\/\"><img loading=\"lazy\" decoding=\"async\" width=\"1024\" height=\"538\" src=\"https:\/\/www.ampeco.com\/content\/uploads\/2023\/10\/AMPECO-The-CPO-Guide-OCPI-1024x538.png\" alt=\"Featured image of the CPO guide to OCPI\" class=\"wp-image-26172 size-full\" title=\"\" srcset=\"https:\/\/www.ampeco.com\/content\/uploads\/2023\/10\/AMPECO-The-CPO-Guide-OCPI-1024x538.png 1024w, https:\/\/www.ampeco.com\/content\/uploads\/2023\/10\/AMPECO-The-CPO-Guide-OCPI-300x158.png 300w, https:\/\/www.ampeco.com\/content\/uploads\/2023\/10\/AMPECO-The-CPO-Guide-OCPI-768x403.png 768w, https:\/\/www.ampeco.com\/content\/uploads\/2023\/10\/AMPECO-The-CPO-Guide-OCPI-1536x806.png 1536w, https:\/\/www.ampeco.com\/content\/uploads\/2023\/10\/AMPECO-The-CPO-Guide-OCPI-2048x1075.png 2048w, https:\/\/www.ampeco.com\/content\/uploads\/2023\/10\/AMPECO-The-CPO-Guide-OCPI-96x50.png 96w, https:\/\/www.ampeco.com\/content\/uploads\/2023\/10\/AMPECO-The-CPO-Guide-OCPI-330x173.png 330w, https:\/\/www.ampeco.com\/content\/uploads\/2023\/10\/AMPECO-The-CPO-Guide-OCPI-660x347.png 660w, https:\/\/www.ampeco.com\/content\/uploads\/2023\/10\/AMPECO-The-CPO-Guide-OCPI-512x269.png 512w, https:\/\/www.ampeco.com\/content\/uploads\/2023\/10\/AMPECO-The-CPO-Guide-OCPI-600x315.png 600w, https:\/\/www.ampeco.com\/content\/uploads\/2023\/10\/AMPECO-The-CPO-Guide-OCPI-1200x630.png 1200w, https:\/\/www.ampeco.com\/content\/uploads\/2023\/10\/AMPECO-The-CPO-Guide-OCPI-840x441.png 840w, https:\/\/www.ampeco.com\/content\/uploads\/2023\/10\/AMPECO-The-CPO-Guide-OCPI-1680x882.png 1680w, https:\/\/www.ampeco.com\/content\/uploads\/2023\/10\/AMPECO-The-CPO-Guide-OCPI-1920x1008.png 1920w\" sizes=\"auto, (max-width: 1024px) 100vw, 1024px\" \/><\/a><\/figure><\/div>\n\n\n<style>.wp-block-kadence-spacer.kt-block-spacer-14187_c3d341-91 .kt-block-spacer{height:60px;}.wp-block-kadence-spacer.kt-block-spacer-14187_c3d341-91 .kt-divider{border-top-width:1px;height:1px;border-top-color:#eee;width:80%;border-top-style:solid;}<\/style>\n<div class=\"wp-block-kadence-spacer aligncenter kt-block-spacer-14187_c3d341-91\"><div class=\"kt-block-spacer kt-block-spacer-halign-center\"><\/div><\/div>\n\n\n\n<div class=\"wp-block-media-text has-media-on-the-right is-stacked-on-mobile\"><div class=\"wp-block-media-text__content\">\n<p class=\"is-style-blue-label\" id=\"payment\"><\/p>\n\n\n\n<h2 class=\"wp-block-heading\">Zahlungsterminals f\u00fcr das Laden von Elektrofahrzeugen: Der praktische Leitfaden<\/h2>\n\n\n\n<p class=\"has-m-font-size\">Erfahren Sie mehr \u00fcber die wichtige Rolle von Zahlungsterminals beim EV-Laden, ihre Funktionsweise, die verschiedenen Implementierungsoptionen und Expertentipps zur Auswahl des richtigen Terminals. Entdecken Sie die Best Practices f\u00fcr eine nahtlose Integration und erfahren Sie, wie AMPECO den Zahlungsprozess beim EV-Laden optimiert, um Effizienz und ein verbessertes Benutzererlebnis zu gew\u00e4hrleisten.<\/p>\n\n\n\n<div class=\"wp-block-buttons is-layout-flex wp-block-buttons-is-layout-flex\">\n<div class=\"wp-block-button\"><a class=\"wp-block-button__link wp-element-button\" href=\"https:\/\/www.ampeco.com\/guides\/payment-terminals-practical-guide\/\">Lesen Sie den Leitfaden<\/a><\/div>\n<\/div>\n<\/div><figure class=\"wp-block-media-text__media\"><a href=\"https:\/\/www.ampeco.com\/guides\/payment-terminals-practical-guide\/\"><img loading=\"lazy\" decoding=\"async\" width=\"1024\" height=\"538\" src=\"https:\/\/www.ampeco.com\/content\/uploads\/2023\/05\/Payment-Terminals-listing-image-1024x538.jpg\" alt=\"-\" class=\"wp-image-19215 size-full\" title=\"\" srcset=\"https:\/\/www.ampeco.com\/content\/uploads\/2023\/05\/Payment-Terminals-listing-image-1024x538.jpg 1024w, https:\/\/www.ampeco.com\/content\/uploads\/2023\/05\/Payment-Terminals-listing-image-300x158.jpg 300w, https:\/\/www.ampeco.com\/content\/uploads\/2023\/05\/Payment-Terminals-listing-image-768x403.jpg 768w, https:\/\/www.ampeco.com\/content\/uploads\/2023\/05\/Payment-Terminals-listing-image-1536x806.jpg 1536w, https:\/\/www.ampeco.com\/content\/uploads\/2023\/05\/Payment-Terminals-listing-image-2048x1075.jpg 2048w, https:\/\/www.ampeco.com\/content\/uploads\/2023\/05\/Payment-Terminals-listing-image-96x50.jpg 96w, https:\/\/www.ampeco.com\/content\/uploads\/2023\/05\/Payment-Terminals-listing-image-330x173.jpg 330w, https:\/\/www.ampeco.com\/content\/uploads\/2023\/05\/Payment-Terminals-listing-image-660x347.jpg 660w, https:\/\/www.ampeco.com\/content\/uploads\/2023\/05\/Payment-Terminals-listing-image-512x269.jpg 512w, https:\/\/www.ampeco.com\/content\/uploads\/2023\/05\/Payment-Terminals-listing-image-600x315.jpg 600w, https:\/\/www.ampeco.com\/content\/uploads\/2023\/05\/Payment-Terminals-listing-image-1200x630.jpg 1200w, https:\/\/www.ampeco.com\/content\/uploads\/2023\/05\/Payment-Terminals-listing-image-840x441.jpg 840w, https:\/\/www.ampeco.com\/content\/uploads\/2023\/05\/Payment-Terminals-listing-image-1680x882.jpg 1680w, https:\/\/www.ampeco.com\/content\/uploads\/2023\/05\/Payment-Terminals-listing-image-1920x1008.jpg 1920w\" sizes=\"auto, (max-width: 1024px) 100vw, 1024px\" \/><\/a><\/figure><\/div>\n<\/div>\n\n<div style=\"border-radius:var(--spacing-4xl, 32px);overflow:hidden;\" class=\"wp-block-group reveal is-style-section-nds-1100 is-layout-constrained wp-block-group-is-layout-constrained\">\n<div class=\"wp-block-media-text has-media-on-the-right is-stacked-on-mobile\"><div class=\"wp-block-media-text__content\">\n<p class=\"is-style-blue-label\" id=\"payment\"><\/p>\n\n\n\n<h2 class=\"wp-block-heading\">Der vollst\u00e4ndige OCPP-Guide<\/h2>\n\n\n\n<p class=\"has-m-font-size\">Eine umfangreiche Ressource \u00fcber das Open Charge Point Protocol (OCPP), einschlie\u00dflich seiner Vorteile, Funktionsprinzipien, Anwendungsf\u00e4lle und neuesten Entwicklungen. Eine Pflichtlekt\u00fcre f\u00fcr alle, die OCPP einf\u00fchren und ihr EV-Ladenetz und ihre Gesch\u00e4ftsprozesse rationalisieren wollen.<\/p>\n\n\n\n<div class=\"wp-block-buttons is-layout-flex wp-block-buttons-is-layout-flex\">\n<div class=\"wp-block-button\"><a class=\"wp-block-button__link wp-element-button\" href=\"https:\/\/www.ampeco.com\/guides\/complete-ocpp-guide\/\">Lesen Sie den Leitfaden<\/a><\/div>\n<\/div>\n<\/div><figure class=\"wp-block-media-text__media\"><a href=\"https:\/\/www.ampeco.com\/guides\/complete-ocpp-guide\/\"><img loading=\"lazy\" decoding=\"async\" width=\"1024\" height=\"576\" src=\"https:\/\/www.ampeco.com\/content\/uploads\/2023\/03\/complete-ocpp-guide-g-1024x576.png\" alt=\"-\" class=\"wp-image-16212 size-full\" title=\"\" srcset=\"https:\/\/www.ampeco.com\/content\/uploads\/2023\/03\/complete-ocpp-guide-g-1024x576.png 1024w, https:\/\/www.ampeco.com\/content\/uploads\/2023\/03\/complete-ocpp-guide-g-96x54.png 96w, https:\/\/www.ampeco.com\/content\/uploads\/2023\/03\/complete-ocpp-guide-g-300x169.png 300w, https:\/\/www.ampeco.com\/content\/uploads\/2023\/03\/complete-ocpp-guide-g-768x432.png 768w, https:\/\/www.ampeco.com\/content\/uploads\/2023\/03\/complete-ocpp-guide-g-330x186.png 330w, https:\/\/www.ampeco.com\/content\/uploads\/2023\/03\/complete-ocpp-guide-g-660x371.png 660w, https:\/\/www.ampeco.com\/content\/uploads\/2023\/03\/complete-ocpp-guide-g-512x288.png 512w, https:\/\/www.ampeco.com\/content\/uploads\/2023\/03\/complete-ocpp-guide-g-600x338.png 600w, https:\/\/www.ampeco.com\/content\/uploads\/2023\/03\/complete-ocpp-guide-g-1200x675.png 1200w, https:\/\/www.ampeco.com\/content\/uploads\/2023\/03\/complete-ocpp-guide-g-840x473.png 840w, https:\/\/www.ampeco.com\/content\/uploads\/2023\/03\/complete-ocpp-guide-g.png 1536w\" sizes=\"auto, (max-width: 1024px) 100vw, 1024px\" \/><\/a><\/figure><\/div>\n<\/div>\n\n<div style=\"border-radius:var(--spacing-4xl, 32px);overflow:hidden;\" class=\"wp-block-group reveal is-style-section-nds-1100 is-layout-constrained wp-block-group-is-layout-constrained\">\n<div class=\"wp-block-media-text has-media-on-the-right is-stacked-on-mobile\"><div class=\"wp-block-media-text__content\">\n<p class=\"is-style-blue-label\" id=\"payment\"><\/p>\n\n\n\n<h2 class=\"wp-block-heading\">Smart Charging: Der ultimative Leitfaden<\/h2>\n\n\n\n<p class=\"has-m-font-size\">Der vollst\u00e4ndige Leitfaden f\u00fcr intelligentes Laden in der EV-Industrie. Erfahren Sie, wie Smart Charging funktioniert, welche Arten, Techniken und Schichten es gibt und welche zuk\u00fcnftigen M\u00f6glichkeiten und Entwicklungen zu erwarten sind.<\/p>\n\n\n\n<div class=\"wp-block-buttons is-layout-flex wp-block-buttons-is-layout-flex\">\n<div class=\"wp-block-button\"><a class=\"wp-block-button__link wp-element-button\" href=\"https:\/\/www.ampeco.com\/guides\/smart-charging\/\">Lesen Sie den Leitfaden<\/a><\/div>\n<\/div>\n<\/div><figure class=\"wp-block-media-text__media\"><a href=\"https:\/\/www.ampeco.com\/guides\/smart-charging\/\"><img loading=\"lazy\" decoding=\"async\" width=\"1024\" height=\"808\" src=\"https:\/\/www.ampeco.com\/content\/uploads\/2022\/10\/smart-charging-techniques-1024x808.png\" alt=\"Smart Charging Techniques\" class=\"wp-image-14192 size-full\" title=\"\" srcset=\"https:\/\/www.ampeco.com\/content\/uploads\/2022\/10\/smart-charging-techniques-1024x808.png 1024w, https:\/\/www.ampeco.com\/content\/uploads\/2022\/10\/smart-charging-techniques-96x76.png 96w, https:\/\/www.ampeco.com\/content\/uploads\/2022\/10\/smart-charging-techniques-300x237.png 300w, https:\/\/www.ampeco.com\/content\/uploads\/2022\/10\/smart-charging-techniques-768x606.png 768w, https:\/\/www.ampeco.com\/content\/uploads\/2022\/10\/smart-charging-techniques-1536x1213.png 1536w, https:\/\/www.ampeco.com\/content\/uploads\/2022\/10\/smart-charging-techniques-2048x1617.png 2048w, https:\/\/www.ampeco.com\/content\/uploads\/2022\/10\/smart-charging-techniques-330x261.png 330w, https:\/\/www.ampeco.com\/content\/uploads\/2022\/10\/smart-charging-techniques-660x521.png 660w, https:\/\/www.ampeco.com\/content\/uploads\/2022\/10\/smart-charging-techniques-512x404.png 512w, https:\/\/www.ampeco.com\/content\/uploads\/2022\/10\/smart-charging-techniques-600x474.png 600w, https:\/\/www.ampeco.com\/content\/uploads\/2022\/10\/smart-charging-techniques-1200x947.png 1200w, https:\/\/www.ampeco.com\/content\/uploads\/2022\/10\/smart-charging-techniques-840x663.png 840w, https:\/\/www.ampeco.com\/content\/uploads\/2022\/10\/smart-charging-techniques-1680x1326.png 1680w, https:\/\/www.ampeco.com\/content\/uploads\/2022\/10\/smart-charging-techniques-1920x1516.png 1920w\" sizes=\"auto, (max-width: 1024px) 100vw, 1024px\" \/><\/a><\/figure><\/div>\n<\/div>\n","protected":false},"excerpt":{"rendered":"<p>Leitfaden zum EV-Laden Ausf\u00fchrliche Leitf\u00e4den zum Thema EV-Ladeindustrie Der Leitfaden f\u00fcr Betreiber von Ladestationen zur OCPI OCPI erm\u00f6glicht den Datenaustausch zwischen CPOs und eMSP, um das Roaming von E-Fahrern in verschiedenen Ladenetzen [&hellip;]<\/p>\n","protected":false},"author":15,"featured_media":0,"parent":0,"menu_order":0,"comment_status":"closed","ping_status":"closed","template":"","meta":{"_acf_changed":false,"inline_featured_image":false,"_nds_page_background":"","footnotes":""},"class_list":["post-23871","page","type-page","status-publish","hentry"],"acf":[],"_links":{"self":[{"href":"https:\/\/www.ampeco.com\/de\/wp-json\/wp\/v2\/pages\/23871","targetHints":{"allow":["GET"]}}],"collection":[{"href":"https:\/\/www.ampeco.com\/de\/wp-json\/wp\/v2\/pages"}],"about":[{"href":"https:\/\/www.ampeco.com\/de\/wp-json\/wp\/v2\/types\/page"}],"author":[{"embeddable":true,"href":"https:\/\/www.ampeco.com\/de\/wp-json\/wp\/v2\/users\/15"}],"replies":[{"embeddable":true,"href":"https:\/\/www.ampeco.com\/de\/wp-json\/wp\/v2\/comments?post=23871"}],"version-history":[{"count":6,"href":"https:\/\/www.ampeco.com\/de\/wp-json\/wp\/v2\/pages\/23871\/revisions"}],"predecessor-version":[{"id":29124,"href":"https:\/\/www.ampeco.com\/de\/wp-json\/wp\/v2\/pages\/23871\/revisions\/29124"}],"wp:attachment":[{"href":"https:\/\/www.ampeco.com\/de\/wp-json\/wp\/v2\/media?parent=23871"}],"curies":[{"name":"wp","href":"https:\/\/api.w.org\/{rel}","templated":true}]}}